{"id":2,"date":"2026-05-04T19:07:21","date_gmt":"2026-05-04T19:07:21","guid":{"rendered":"https:\/\/www.nringtransport.pl\/?page_id=2"},"modified":"2026-05-04T21:09:58","modified_gmt":"2026-05-04T21:09:58","slug":"sample-page","status":"publish","type":"page","link":"https:\/\/www.nringtransport.pl\/","title":{"rendered":"Zawieziemy Tw\u00f3j samoch\u00f3d na tor Nurburgring"},"content":{"rendered":"\t\t<div data-elementor-type=\"wp-page\" data-elementor-id=\"2\" class=\"elementor elementor-2\">\n\t\t\t\t<div class=\"elementor-element elementor-element-d7b1fae e-flex e-con-boxed e-con e-parent\" data-id=\"d7b1fae\" data-element_type=\"container\" data-e-type=\"container\">\n\t\t\t\t\t<div class=\"e-con-inner\">\n\t\t\t\t\t\t\t\n\t\t\t<img class=\"e-image-base \" \n\t\t\t\t\tdata-interaction-id=\"d196e93\" \n\t\t \n\t\t \n\t\t\t\t\t\t\t\t\tid=\"36\"\n\t\t\t\t\t\t\t\t\t\t\t\tsrc=\"https:\/\/www.nringtransport.pl\/wp-content\/uploads\/2026\/05\/IMG-20260503-WA0068-2.jpg\"\n\t\t\t\t\t\t\t\t\t\t\t\twidth=\"1600\"\n\t\t\t\t\t\t\t\t\t\t\t\theight=\"1200\"\n\t\t\t\t\t\t\t\t\t\t\t\tsrcset=\"https:\/\/www.nringtransport.pl\/wp-content\/uploads\/2026\/05\/IMG-20260503-WA0068-2.jpg 1600w, https:\/\/www.nringtransport.pl\/wp-content\/uploads\/2026\/05\/IMG-20260503-WA0068-2-300x225.jpg 300w, https:\/\/www.nringtransport.pl\/wp-content\/uploads\/2026\/05\/IMG-20260503-WA0068-2-1024x768.jpg 1024w, https:\/\/www.nringtransport.pl\/wp-content\/uploads\/2026\/05\/IMG-20260503-WA0068-2-768x576.jpg 768w, https:\/\/www.nringtransport.pl\/wp-content\/uploads\/2026\/05\/IMG-20260503-WA0068-2-1536x1152.jpg 1536w\"\n\t\t\t\t\t\t\t\t\t\t\t\talt=\"\"\n\t\t\t\t\t\t\/>\n\t\t\t\t\t\t<\/div>\n\t\t\t\t<\/div>\n\t\t<div class=\"elementor-element elementor-element-d14ef48 e-flex e-con-boxed e-con e-parent\" data-id=\"d14ef48\" data-element_type=\"container\" data-e-type=\"container\">\n\t\t\t\t\t<div class=\"e-con-inner\">\n\t\t\t\t\t<\/div>\n\t\t\t\t<\/div>\n\t\t<div class=\"elementor-element elementor-element-282e5f6 e-flex e-con-boxed e-con e-parent\" data-id=\"282e5f6\" data-element_type=\"container\" data-e-type=\"container\">\n\t\t\t\t\t<div class=\"e-con-inner\">\n\t\t<div class=\"elementor-element elementor-element-7e35c95 e-con-full e-flex e-con e-child\" data-id=\"7e35c95\" data-element_type=\"container\" data-e-type=\"container\">\n\t\t\t\t\t\t\t\t<p class=\"e-0d1780c-3951ee5 e-paragraph-base\" data-interaction-id=\"0d1780c\"  >\n\t\t\t\t\t\t\t\t<strong id=\"e-morov7xk-f9lhjww\">NringTRANSPORT.pl jest cz\u0119\u015bci\u0105 Nring.pl - bloga kt\u00f3ry od 10 lat pomaga naszym rodakom z Polski i nie tylko pozna\u0107 osobi\u015bcie tor Nurburgring.<br><br>Od sezonu 2026 oferujemy na miejscu przy torze lawet\u0119 i pomoc w razie wypadku, awarii, szybkiego odbioru auta z firmy LENZ. Profesjonalna przyczepa przystosowana do niskich aut.<\/strong><br><strong id=\"e-morov7xk-h3o2i9a\"><br><br>Transportujemy samochody z Polski na Ring oraz z Ringu do Polski. Posiadamy lawet\u0119 pojedy\u0144cz\u0105 oraz auto lawety z przyczepami. Maksymalnie 3 auta na zestaw.<br><br>Dodatkowo je\u017celi potrzebujesz transferu z lotniska na Ring lub z Ringu na lotnisko, skontaktuj si\u0119 z nami. Obs\u0142ugujemy okoliczne porty lotnicze (Frankfurt, Bonn, Dortmund)<br><br><\/strong>\n\t\t\t\t\t<\/p>\n\t\t\t\t<\/div>\n\t\t<div class=\"elementor-element elementor-element-0726faa e-con-full e-flex e-con e-child\" data-id=\"0726faa\" data-element_type=\"container\" data-e-type=\"container\">\n\t\t\t\t\t\t\t\n\t\t\t<img class=\"e-image-base \" \n\t\t\t\t\tdata-interaction-id=\"0758046\" \n\t\t \n\t\t \n\t\t\t\t\t\t\t\t\tid=\"41\"\n\t\t\t\t\t\t\t\t\t\t\t\tsrc=\"https:\/\/www.nringtransport.pl\/wp-content\/uploads\/2026\/05\/20260429_072108.jpg\"\n\t\t\t\t\t\t\t\t\t\t\t\twidth=\"1762\"\n\t\t\t\t\t\t\t\t\t\t\t\theight=\"991\"\n\t\t\t\t\t\t\t\t\t\t\t\tsrcset=\"https:\/\/www.nringtransport.pl\/wp-content\/uploads\/2026\/05\/20260429_072108.jpg 1762w, https:\/\/www.nringtransport.pl\/wp-content\/uploads\/2026\/05\/20260429_072108-300x169.jpg 300w, https:\/\/www.nringtransport.pl\/wp-content\/uploads\/2026\/05\/20260429_072108-1024x576.jpg 1024w, https:\/\/www.nringtransport.pl\/wp-content\/uploads\/2026\/05\/20260429_072108-768x432.jpg 768w, https:\/\/www.nringtransport.pl\/wp-content\/uploads\/2026\/05\/20260429_072108-1536x864.jpg 1536w\"\n\t\t\t\t\t\t\t\t\t\t\t\talt=\"\"\n\t\t\t\t\t\t\/>\n\t\t\t\t\t<\/div>\n\t\t\t\t\t<\/div>\n\t\t\t\t<\/div>\n\t\t<div class=\"elementor-element elementor-element-b59584f e-flex e-con-boxed e-con e-parent\" data-id=\"b59584f\" data-element_type=\"container\" data-e-type=\"container\">\n\t\t\t\t\t<div class=\"e-con-inner\">\n\t\t\t\t\t\t\t\n\t\t\t<img class=\"e-image-base e-34fe12c-0f5be37\" \n\t\t\t\t\tdata-interaction-id=\"34fe12c\" \n\t\t \n\t\t \n\t\t\t\t\t\t\t\t\tid=\"77\"\n\t\t\t\t\t\t\t\t\t\t\t\tsrc=\"https:\/\/www.nringtransport.pl\/wp-content\/uploads\/2026\/05\/825bd2bf-93bf-4616-8b89-4113514e42bd.png\"\n\t\t\t\t\t\t\t\t\t\t\t\twidth=\"1623\"\n\t\t\t\t\t\t\t\t\t\t\t\theight=\"969\"\n\t\t\t\t\t\t\t\t\t\t\t\tsrcset=\"https:\/\/www.nringtransport.pl\/wp-content\/uploads\/2026\/05\/825bd2bf-93bf-4616-8b89-4113514e42bd.png 1623w, https:\/\/www.nringtransport.pl\/wp-content\/uploads\/2026\/05\/825bd2bf-93bf-4616-8b89-4113514e42bd-300x179.png 300w, https:\/\/www.nringtransport.pl\/wp-content\/uploads\/2026\/05\/825bd2bf-93bf-4616-8b89-4113514e42bd-1024x611.png 1024w, https:\/\/www.nringtransport.pl\/wp-content\/uploads\/2026\/05\/825bd2bf-93bf-4616-8b89-4113514e42bd-768x459.png 768w, https:\/\/www.nringtransport.pl\/wp-content\/uploads\/2026\/05\/825bd2bf-93bf-4616-8b89-4113514e42bd-1536x917.png 1536w\"\n\t\t\t\t\t\t\t\t\t\t\t\talt=\"\"\n\t\t\t\t\t\t\/>\n\t\t\t\t\t\t<\/div>\n\t\t\t\t<\/div>\n\t\t<div class=\"elementor-element elementor-element-71f0538 e-flex e-con-boxed e-con e-parent\" data-id=\"71f0538\" data-element_type=\"container\" data-e-type=\"container\">\n\t\t\t\t\t<div class=\"e-con-inner\">\n\t\t\t\t\t\t\t<h2 \n\t\tdata-interaction-id=\"195843e\" \n\t\tclass=\"e-heading-base\" \n\t\t \n\t\t\n\t>\n\t\n\t\t\tKontakt:<br><br>Email: lukasz@nring.pl <br><br>\u0141ukasz: +48 695 765 355&nbsp;<br>Krzysztof: +49 178 5336745<br>\n\t\t<\/h2>\n\t\t\t\t\t<\/div>\n\t\t\t\t<\/div>\n\t\t<div class=\"elementor-element elementor-element-2be469f e-flex e-con-boxed e-con e-parent\" data-id=\"2be469f\" data-element_type=\"container\" data-e-type=\"container\">\n\t\t\t\t\t<div class=\"e-con-inner\">\n\t\t\t\t\t\t\t\t<p class=\"e-0eeebab-96c5b1f e-paragraph-base\" data-interaction-id=\"0eeebab\"  >\n\t\t\t\t\t\t\t\tSprawd\u017a te\u017c <a target=\"_blank\" href=\"www.Nring.pl\" id=\"e-morocvdq-swb5o1c\"><strong id=\"e-morocvdq-a465b7i\">www.Nring.pl<\/strong><\/a> oraz<strong id=\"e-morocvdq-3z2r5uk\"> <\/strong><a target=\"_blank\" href=\"www.NringRENT.pl\" id=\"e-morocvdq-x0jhy1m\"><strong id=\"e-morocvdq-9pyr8ws\">www.NringRENT.pl<\/strong><\/a>\n\t\t\t\t\t<\/p>\n\t\t\t\t\t<\/div>\n\t\t\t\t<\/div>\n\t\t\t\t<\/div>\n\t\t","protected":false},"excerpt":{"rendered":"<p>NringTRANSPORT.pl jest cz\u0119\u015bci\u0105 Nring.pl &#8211; bloga kt\u00f3ry od 10 lat pomaga naszym rodakom z Polski i nie tylko pozna\u0107 osobi\u015bcie tor Nurburgring. Od sezonu 2026 oferujemy na miejscu przy torze lawet\u0119 i pomoc w razie wypadku, awarii, szybkiego odbioru auta z firmy LENZ. Profesjonalna przyczepa przystosowana do niskich aut. Transportujemy samochody z Polski na Ring [&hellip;]<\/p>\n","protected":false},"author":1,"featured_media":0,"parent":0,"menu_order":0,"comment_status":"closed","ping_status":"open","template":"","meta":{"_kadence_starter_templates_imported_post":false,"footnotes":""},"class_list":["post-2","page","type-page","status-publish","hentry"],"_links":{"self":[{"href":"https:\/\/www.nringtransport.pl\/index.php?rest_route=\/wp\/v2\/pages\/2","targetHints":{"allow":["GET"]}}],"collection":[{"href":"https:\/\/www.nringtransport.pl\/index.php?rest_route=\/wp\/v2\/pages"}],"about":[{"href":"https:\/\/www.nringtransport.pl\/index.php?rest_route=\/wp\/v2\/types\/page"}],"author":[{"embeddable":true,"href":"https:\/\/www.nringtransport.pl\/index.php?rest_route=\/wp\/v2\/users\/1"}],"replies":[{"embeddable":true,"href":"https:\/\/www.nringtransport.pl\/index.php?rest_route=%2Fwp%2Fv2%2Fcomments&post=2"}],"version-history":[{"count":34,"href":"https:\/\/www.nringtransport.pl\/index.php?rest_route=\/wp\/v2\/pages\/2\/revisions"}],"predecessor-version":[{"id":103,"href":"https:\/\/www.nringtransport.pl\/index.php?rest_route=\/wp\/v2\/pages\/2\/revisions\/103"}],"wp:attachment":[{"href":"https:\/\/www.nringtransport.pl\/index.php?rest_route=%2Fwp%2Fv2%2Fmedia&parent=2"}],"curies":[{"name":"wp","href":"https:\/\/api.w.org\/{rel}","templated":true}]}}